{"id":27813,"date":"2026-04-20T06:00:03","date_gmt":"2026-04-20T10:00:03","guid":{"rendered":"https:\/\/revalizesoftware.com\/new-keytech\/keytech\/keytech-termin-fuer-eine-demo\/"},"modified":"2026-04-23T13:37:35","modified_gmt":"2026-04-23T17:37:35","slug":"contact","status":"publish","type":"page","link":"https:\/\/keytechplm.com\/de\/contact\/","title":{"rendered":"Kontakt"},"content":{"rendered":"\t\t<div data-elementor-type=\"wp-page\" data-elementor-id=\"27813\" class=\"elementor elementor-27813 elementor-15407\" data-elementor-post-type=\"page\">\n\t\t\t\t<div class=\"elementor-element elementor-element-562a7e2 e-flex e-con-boxed e-con e-parent\" data-id=\"562a7e2\" data-element_type=\"container\" data-e-type=\"container\" id=\"single-post\" data-settings=\"{&quot;background_background&quot;:&quot;classic&quot;}\">\n\t\t\t\t\t<div class=\"e-con-inner\">\n\t\t<div class=\"elementor-element elementor-element-3aecf28 e-con-full e-flex e-con e-child\" data-id=\"3aecf28\" data-element_type=\"container\" data-e-type=\"container\">\n\t\t\t\t<div class=\"elementor-element elementor-element-7519ae3 elementor-widget elementor-widget-heading\" data-id=\"7519ae3\" data-element_type=\"widget\" data-e-type=\"widget\" data-widget_type=\"heading.default\">\n\t\t\t\t<div class=\"elementor-widget-container\">\n\t\t\t\t\t<h2 class=\"elementor-heading-title elementor-size-default\">Kontakt aufnehmen<\/h2>\t\t\t\t<\/div>\n\t\t\t\t<\/div>\n\t\t\t\t<div class=\"elementor-element elementor-element-b3ca87f elementor-widget elementor-widget-heading\" data-id=\"b3ca87f\" data-element_type=\"widget\" data-e-type=\"widget\" data-widget_type=\"heading.default\">\n\t\t\t\t<div class=\"elementor-widget-container\">\n\t\t\t\t\t<h2 class=\"elementor-heading-title elementor-size-default\">Sind Sie bereit, ein Gespr\u00e4ch dar\u00fcber zu f\u00fchren, wie Sie bessere Ergebnisse f\u00fcr Ihr Unternehmen erzielen k\u00f6nnen?<\/h2>\t\t\t\t<\/div>\n\t\t\t\t<\/div>\n\t\t\t\t<div class=\"elementor-element elementor-element-018ed18 elementor-widget elementor-widget-text-editor\" data-id=\"018ed18\" data-element_type=\"widget\" data-e-type=\"widget\" data-widget_type=\"text-editor.default\">\n\t\t\t\t<div class=\"elementor-widget-container\">\n\t\t\t\t\t\t\t\t\tF\u00fcllen Sie das Formular aus und wir werden Sie mit einem Produktexperten verbinden, der den Anforderungen Ihres Unternehmens entspricht.\t\t\t\t\t\t\t\t<\/div>\n\t\t\t\t<\/div>\n\t\t\t\t<div class=\"elementor-element elementor-element-46cd67e elementor-widget elementor-widget-heading\" data-id=\"46cd67e\" data-element_type=\"widget\" data-e-type=\"widget\" data-widget_type=\"heading.default\">\n\t\t\t\t<div class=\"elementor-widget-container\">\n\t\t\t\t\t<h2 class=\"elementor-heading-title elementor-size-default\">Suchen Sie Unterst\u00fctzung?<\/h2>\t\t\t\t<\/div>\n\t\t\t\t<\/div>\n\t\t\t\t<div class=\"elementor-element elementor-element-f6ffbf6 diamond-btn-orange elementor-widget elementor-widget-button\" data-id=\"f6ffbf6\" data-element_type=\"widget\" data-e-type=\"widget\" data-widget_type=\"button.default\">\n\t\t\t\t<div class=\"elementor-widget-container\">\n\t\t\t\t\t\t\t\t\t<div class=\"elementor-button-wrapper\">\n\t\t\t\t\t<a class=\"elementor-button elementor-button-link elementor-size-sm\" href=\"https:\/\/support.revalizesoftware.com\/login\" target=\"_blank\">\n\t\t\t\t\t\t<span class=\"elementor-button-content-wrapper\">\n\t\t\t\t\t\t\t\t\t<span class=\"elementor-button-text\">Besuchen Sie unser Support-Portal<\/span>\n\t\t\t\t\t<\/span>\n\t\t\t\t\t<\/a>\n\t\t\t\t<\/div>\n\t\t\t\t\t\t\t\t<\/div>\n\t\t\t\t<\/div>\n\t\t\t\t<\/div>\n\t\t<div class=\"elementor-element elementor-element-2ce1dd1 e-con-full e-flex e-con e-child\" data-id=\"2ce1dd1\" data-element_type=\"container\" data-e-type=\"container\" data-settings=\"{&quot;background_background&quot;:&quot;classic&quot;}\">\n\t\t\t\t<div class=\"elementor-element elementor-element-a1cd262 elementor-widget elementor-widget-heading\" data-id=\"a1cd262\" data-element_type=\"widget\" data-e-type=\"widget\" data-widget_type=\"heading.default\">\n\t\t\t\t<div class=\"elementor-widget-container\">\n\t\t\t\t\t<h1 class=\"elementor-heading-title elementor-size-default\">Sprechen Sie noch heute mit jemandem von keytech<\/h1>\t\t\t\t<\/div>\n\t\t\t\t<\/div>\n\t\t\t\t<div class=\"elementor-element elementor-element-50320b8 elementor-widget elementor-widget-shortcode\" data-id=\"50320b8\" data-element_type=\"widget\" data-e-type=\"widget\" data-widget_type=\"shortcode.default\">\n\t\t\t\t<div class=\"elementor-widget-container\">\n\t\t\t\t\t\t\t<div class=\"elementor-shortcode\">\n\t\t\t\t\t\t<script>\n\t\t\t\t\t\t\twindow.hsFormsOnReady = window.hsFormsOnReady || [];\n\t\t\t\t\t\t\twindow.hsFormsOnReady.push(()=>{\n\t\t\t\t\t\t\t\thbspt.forms.create({\n\t\t\t\t\t\t\t\t\tportalId: 4541184,\n\t\t\t\t\t\t\t\t\tformId: \"b967345c-1985-4b85-9f6f-179b23224b9a\",\n\t\t\t\t\t\t\t\t\ttarget: \"#hbspt-form-1777198616000-9425252293\",\n\t\t\t\t\t\t\t\t\tregion: \"na1\",\n\t\t\t\t\t\t\t\t\t\n\t\t\t\t\t\t\t})});\n\t\t\t\t\t\t<\/script>\n\t\t\t\t\t\t<div class=\"hbspt-form\" id=\"hbspt-form-1777198616000-9425252293\"><\/div>\n<\/div>\n\t\t\t\t\t\t<\/div>\n\t\t\t\t<\/div>\n\t\t\t\t<\/div>\n\t\t\t\t\t<\/div>\n\t\t\t\t<\/div>\n\t\t\t\t<\/div>\n\t\t","protected":false},"excerpt":{"rendered":"<p>Kontakt aufnehmen Sind Sie bereit, ein Gespr\u00e4ch dar\u00fcber zu f\u00fchren, wie Sie bessere Ergebnisse f\u00fcr Ihr Unternehmen erzielen k\u00f6nnen? F\u00fcllen Sie das Formular aus und wir werden Sie mit einem Produktexperten verbinden, der den Anforderungen Ihres Unternehmens entspricht. Suchen Sie Unterst\u00fctzung? Besuchen Sie unser Support-Portal Sprechen Sie noch heute mit jemandem von keytech<\/p>\n","protected":false},"author":62,"featured_media":0,"parent":0,"menu_order":80,"comment_status":"closed","ping_status":"closed","template":"elementor_header_footer","meta":{"content-type":"","footnotes":""},"class_list":["post-27813","page","type-page","status-publish","hentry"],"yoast_head":"<!-- This site is optimized with the Yoast SEO Premium plugin v27.4 (Yoast SEO v27.4) - https:\/\/yoast.com\/product\/yoast-seo-premium-wordpress\/ -->\n<title>Erleben Sie keytech in Aktion: Fordern Sie noch heute eine Demo an<\/title>\n<meta name=\"description\" content=\"keytech Fordern Sie eine Demo an und setzen Sie sich mit einem Spezialisten f\u00fcr Produktsupport in Verbindung, der auf die Bed\u00fcrfnisse Ihres Unternehmens zugeschnitten ist.\" \/>\n<meta name=\"robots\" content=\"index, follow, max-snippet:-1, max-image-preview:large, max-video-preview:-1\" \/>\n<link rel=\"canonical\" href=\"https:\/\/keytechplm.com\/de\/contact\/\" \/>\n<meta property=\"og:locale\" content=\"de_DE\" \/>\n<meta property=\"og:type\" content=\"article\" \/>\n<meta property=\"og:title\" content=\"Kontakt\" \/>\n<meta property=\"og:description\" content=\"keytech Fordern Sie eine Demo an und setzen Sie sich mit einem Spezialisten f\u00fcr Produktsupport in Verbindung, der auf die Bed\u00fcrfnisse Ihres Unternehmens zugeschnitten ist.\" \/>\n<meta property=\"og:url\" content=\"https:\/\/keytechplm.com\/de\/contact\/\" \/>\n<meta property=\"og:site_name\" content=\"Keytech\" \/>\n<meta property=\"article:publisher\" content=\"https:\/\/www.facebook.com\/revalize\/\" \/>\n<meta property=\"article:modified_time\" content=\"2026-04-23T17:37:35+00:00\" \/>\n<meta name=\"twitter:card\" content=\"summary_large_image\" \/>\n<meta name=\"twitter:site\" content=\"@revalize\" \/>\n<meta name=\"twitter:label1\" content=\"Gesch\u00e4tzte Lesezeit\" \/>\n\t<meta name=\"twitter:data1\" content=\"1\u00a0Minute\" \/>\n<script type=\"application\/ld+json\" class=\"yoast-schema-graph\">{\"@context\":\"https:\\\/\\\/schema.org\",\"@graph\":[{\"@type\":\"WebPage\",\"@id\":\"https:\\\/\\\/keytechplm.com\\\/de\\\/contact\\\/\",\"url\":\"https:\\\/\\\/keytechplm.com\\\/de\\\/contact\\\/\",\"name\":\"Erleben Sie keytech in Aktion: Fordern Sie noch heute eine Demo an\",\"isPartOf\":{\"@id\":\"https:\\\/\\\/keytechplm.com\\\/de\\\/#website\"},\"datePublished\":\"2026-04-20T10:00:03+00:00\",\"dateModified\":\"2026-04-23T17:37:35+00:00\",\"description\":\"keytech Fordern Sie eine Demo an und setzen Sie sich mit einem Spezialisten f\u00fcr Produktsupport in Verbindung, der auf die Bed\u00fcrfnisse Ihres Unternehmens zugeschnitten ist.\",\"breadcrumb\":{\"@id\":\"https:\\\/\\\/keytechplm.com\\\/de\\\/contact\\\/#breadcrumb\"},\"inLanguage\":\"de\",\"potentialAction\":[{\"@type\":\"ReadAction\",\"target\":[\"https:\\\/\\\/keytechplm.com\\\/de\\\/contact\\\/\"]}]},{\"@type\":\"BreadcrumbList\",\"@id\":\"https:\\\/\\\/keytechplm.com\\\/de\\\/contact\\\/#breadcrumb\",\"itemListElement\":[{\"@type\":\"ListItem\",\"position\":1,\"name\":\"Home\",\"item\":\"https:\\\/\\\/keytechplm.com\\\/de\\\/keytech\\\/\"},{\"@type\":\"ListItem\",\"position\":2,\"name\":\"Kontakt\"}]},{\"@type\":\"WebSite\",\"@id\":\"https:\\\/\\\/keytechplm.com\\\/de\\\/#website\",\"url\":\"https:\\\/\\\/keytechplm.com\\\/de\\\/\",\"name\":\"Revalize\",\"description\":\"Great Starts with Revalize\",\"publisher\":{\"@id\":\"https:\\\/\\\/keytechplm.com\\\/de\\\/#organization\"},\"potentialAction\":[{\"@type\":\"SearchAction\",\"target\":{\"@type\":\"EntryPoint\",\"urlTemplate\":\"https:\\\/\\\/keytechplm.com\\\/de\\\/?s={search_term_string}\"},\"query-input\":{\"@type\":\"PropertyValueSpecification\",\"valueRequired\":true,\"valueName\":\"search_term_string\"}}],\"inLanguage\":\"de\"},{\"@type\":\"Organization\",\"@id\":\"https:\\\/\\\/keytechplm.com\\\/de\\\/#organization\",\"name\":\"Revalize\",\"url\":\"https:\\\/\\\/keytechplm.com\\\/de\\\/\",\"logo\":{\"@type\":\"ImageObject\",\"inLanguage\":\"de\",\"@id\":\"https:\\\/\\\/keytechplm.com\\\/de\\\/#\\\/schema\\\/logo\\\/image\\\/\",\"url\":\"https:\\\/\\\/keytechplm.com\\\/wp-content\\\/uploads\\\/sites\\\/19\\\/2026\\\/04\\\/keytech-From-Revalize-logo.png\",\"contentUrl\":\"https:\\\/\\\/keytechplm.com\\\/wp-content\\\/uploads\\\/sites\\\/19\\\/2026\\\/04\\\/keytech-From-Revalize-logo.png\",\"width\":640,\"height\":193,\"caption\":\"Revalize\"},\"image\":{\"@id\":\"https:\\\/\\\/keytechplm.com\\\/de\\\/#\\\/schema\\\/logo\\\/image\\\/\"},\"sameAs\":[\"https:\\\/\\\/www.facebook.com\\\/revalize\\\/\",\"https:\\\/\\\/x.com\\\/revalize\",\"https:\\\/\\\/www.linkedin.com\\\/company\\\/revalize\\\/\"]}]}<\/script>\n<!-- \/ Yoast SEO Premium plugin. -->","yoast_head_json":{"title":"Erleben Sie keytech in Aktion: Fordern Sie noch heute eine Demo an","description":"keytech Fordern Sie eine Demo an und setzen Sie sich mit einem Spezialisten f\u00fcr Produktsupport in Verbindung, der auf die Bed\u00fcrfnisse Ihres Unternehmens zugeschnitten ist.","robots":{"index":"index","follow":"follow","max-snippet":"max-snippet:-1","max-image-preview":"max-image-preview:large","max-video-preview":"max-video-preview:-1"},"canonical":"https:\/\/keytechplm.com\/de\/contact\/","og_locale":"de_DE","og_type":"article","og_title":"Kontakt","og_description":"keytech Fordern Sie eine Demo an und setzen Sie sich mit einem Spezialisten f\u00fcr Produktsupport in Verbindung, der auf die Bed\u00fcrfnisse Ihres Unternehmens zugeschnitten ist.","og_url":"https:\/\/keytechplm.com\/de\/contact\/","og_site_name":"Keytech","article_publisher":"https:\/\/www.facebook.com\/revalize\/","article_modified_time":"2026-04-23T17:37:35+00:00","twitter_card":"summary_large_image","twitter_site":"@revalize","twitter_misc":{"Gesch\u00e4tzte Lesezeit":"1\u00a0Minute"},"schema":{"@context":"https:\/\/schema.org","@graph":[{"@type":"WebPage","@id":"https:\/\/keytechplm.com\/de\/contact\/","url":"https:\/\/keytechplm.com\/de\/contact\/","name":"Erleben Sie keytech in Aktion: Fordern Sie noch heute eine Demo an","isPartOf":{"@id":"https:\/\/keytechplm.com\/de\/#website"},"datePublished":"2026-04-20T10:00:03+00:00","dateModified":"2026-04-23T17:37:35+00:00","description":"keytech Fordern Sie eine Demo an und setzen Sie sich mit einem Spezialisten f\u00fcr Produktsupport in Verbindung, der auf die Bed\u00fcrfnisse Ihres Unternehmens zugeschnitten ist.","breadcrumb":{"@id":"https:\/\/keytechplm.com\/de\/contact\/#breadcrumb"},"inLanguage":"de","potentialAction":[{"@type":"ReadAction","target":["https:\/\/keytechplm.com\/de\/contact\/"]}]},{"@type":"BreadcrumbList","@id":"https:\/\/keytechplm.com\/de\/contact\/#breadcrumb","itemListElement":[{"@type":"ListItem","position":1,"name":"Home","item":"https:\/\/keytechplm.com\/de\/keytech\/"},{"@type":"ListItem","position":2,"name":"Kontakt"}]},{"@type":"WebSite","@id":"https:\/\/keytechplm.com\/de\/#website","url":"https:\/\/keytechplm.com\/de\/","name":"Revalize","description":"Great Starts with Revalize","publisher":{"@id":"https:\/\/keytechplm.com\/de\/#organization"},"potentialAction":[{"@type":"SearchAction","target":{"@type":"EntryPoint","urlTemplate":"https:\/\/keytechplm.com\/de\/?s={search_term_string}"},"query-input":{"@type":"PropertyValueSpecification","valueRequired":true,"valueName":"search_term_string"}}],"inLanguage":"de"},{"@type":"Organization","@id":"https:\/\/keytechplm.com\/de\/#organization","name":"Revalize","url":"https:\/\/keytechplm.com\/de\/","logo":{"@type":"ImageObject","inLanguage":"de","@id":"https:\/\/keytechplm.com\/de\/#\/schema\/logo\/image\/","url":"https:\/\/keytechplm.com\/wp-content\/uploads\/sites\/19\/2026\/04\/keytech-From-Revalize-logo.png","contentUrl":"https:\/\/keytechplm.com\/wp-content\/uploads\/sites\/19\/2026\/04\/keytech-From-Revalize-logo.png","width":640,"height":193,"caption":"Revalize"},"image":{"@id":"https:\/\/keytechplm.com\/de\/#\/schema\/logo\/image\/"},"sameAs":["https:\/\/www.facebook.com\/revalize\/","https:\/\/x.com\/revalize","https:\/\/www.linkedin.com\/company\/revalize\/"]}]}},"_links":{"self":[{"href":"https:\/\/keytechplm.com\/de\/wp-json\/wp\/v2\/pages\/27813","targetHints":{"allow":["GET"]}}],"collection":[{"href":"https:\/\/keytechplm.com\/de\/wp-json\/wp\/v2\/pages"}],"about":[{"href":"https:\/\/keytechplm.com\/de\/wp-json\/wp\/v2\/types\/page"}],"author":[{"embeddable":true,"href":"https:\/\/keytechplm.com\/de\/wp-json\/wp\/v2\/users\/62"}],"replies":[{"embeddable":true,"href":"https:\/\/keytechplm.com\/de\/wp-json\/wp\/v2\/comments?post=27813"}],"version-history":[{"count":2,"href":"https:\/\/keytechplm.com\/de\/wp-json\/wp\/v2\/pages\/27813\/revisions"}],"predecessor-version":[{"id":162078,"href":"https:\/\/keytechplm.com\/de\/wp-json\/wp\/v2\/pages\/27813\/revisions\/162078"}],"wp:attachment":[{"href":"https:\/\/keytechplm.com\/de\/wp-json\/wp\/v2\/media?parent=27813"}],"curies":[{"name":"wp","href":"https:\/\/api.w.org\/{rel}","templated":true}]}}